{"id":4541,"date":"2026-05-06T12:25:29","date_gmt":"2026-05-06T15:25:29","guid":{"rendered":"https:\/\/snj.gov.py\/2023\/?page_id=4541"},"modified":"2026-05-06T12:25:29","modified_gmt":"2026-05-06T15:25:29","slug":"control-de-la-implementacion","status":"publish","type":"page","link":"https:\/\/snj.gov.py\/2023\/control-de-la-implementacion\/","title":{"rendered":"Control de la Implementaci\u00f3n"},"content":{"rendered":"<ul>\n<li><strong>C.1 Control Operacional<\/strong>\n<ul>\n<li><a href=\"https:\/\/snj.gov.py\/2023\/wp-content\/uploads\/2026\/05\/FORMULARIO-DE-ENTREVISTAS-A-FUNCIONARIOS_MECIP_SNJ_2025.pdf_compressed-1.pdf-1.pdf\">Formulario de entrevistas a funcionarios \u2013 MECIP SNJ 2025<\/a><\/li>\n<li><a href=\"https:\/\/snj.gov.py\/2023\/wp-content\/uploads\/2026\/05\/Registros-de-socializacion-y-Construccion-en-equipo-de-Politica-Operacional.pdf.pdf\">Registros de socializaci\u00f3n y construcci\u00f3n en equipo de Pol\u00edtica Operacional<\/a><\/li>\n<li><a href=\"https:\/\/drive.google.com\/file\/d\/1siA1Y67Xe0_odb2brXag70njtttxSRo0\/view?usp=sharing\">Resoluci\u00f3n N.\u00ba 229\/2024 \u2013 Pol\u00edticas de Talento Humano<\/a><\/li>\n<li><a href=\"https:\/\/snj.gov.py\/2023\/wp-content\/uploads\/2026\/05\/RESOLUCION-No-229-2024-POLITICAS-DE-TALENTO-HUMANO.pdf-1.pdf\">Resoluci\u00f3n N.\u00ba 292\/2025 \u2013 Por la cual se aprueba la Pol\u00edtica Operacional, versi\u00f3n 1 de la SNJ<\/a><\/li>\n<li><a href=\"https:\/\/drive.google.com\/file\/d\/1AKoLc-5ldRHQc8MXo46XELaKnwzi9r_O\/view?usp=drive_link\">Resoluci\u00f3n N.\u00ba 345\/2025 \u2013 Aprueba la Gu\u00eda de Identificaci\u00f3n y Evaluaci\u00f3n de Riesgos, versi\u00f3n 1<\/a><\/li>\n<li><a href=\"https:\/\/snj.gov.py\/2023\/wp-content\/uploads\/2026\/05\/Resolucion-No-385_2025-Aprueba-la-Guia-para-la-Elaboracion-de-Politicas-de-la-SNJ-Version-01.pdf.pdf\">Resoluci\u00f3n N.\u00ba 385\/2025 \u2013 Aprueba la Gu\u00eda para la Elaboraci\u00f3n de Pol\u00edticas de la SNJ, versi\u00f3n 1<\/a><\/li>\n<\/ul>\n<\/li>\n<li><strong>C.2 Competencia, formaci\u00f3n y toma de conciencia<\/strong>\n<ul>\n<li><a href=\"https:\/\/drive.google.com\/file\/d\/1616VGdjhhpcXx_kT0f28vx9qCQUeBaTU\/view?usp=drive_link\">Formulario de entrevistas a funcionarios \u2013 MECIP SNJ 2025<\/a><\/li>\n<li><a href=\"https:\/\/snj.gov.py\/2023\/wp-content\/uploads\/2026\/05\/Nota-y-Circular-de-Capacitacion-MECIP.pdf.pdf\">Nota y circular de capacitaci\u00f3n MECIP<\/a><\/li>\n<li><a href=\"https:\/\/snj.gov.py\/2023\/wp-content\/uploads\/2026\/05\/Planilla-de-asistencia-a-cursos-de-capacitacion-y-modelos-de-certitficados.pdf.pdf\">Planilla de asistencia a cursos de capacitaci\u00f3n y modelos de certificados<\/a><\/li>\n<li><a href=\"https:\/\/snj.gov.py\/2023\/wp-content\/uploads\/2026\/05\/RES.-N\u00b0-92-SE-APROBACION-DEL-PLAN-ANUAL-DE-CAPACITACIONES.pdf\">Resoluci\u00f3n N.\u00ba 92 \u2013 Aprobaci\u00f3n del Plan Anual de Capacitaciones<\/a><\/li>\n<\/ul>\n<\/li>\n<li><strong>C.3 Gesti\u00f3n de la Informaci\u00f3n<\/strong>\n<ul>\n<li><a href=\"https:\/\/snj.gov.py\/2023\/wp-content\/uploads\/2026\/05\/MANUAL-DE-COMUNICACION-VERSION-4-2024.pdf.pdf\">Manual de Comunicaci\u00f3n, versi\u00f3n 4 (2024)<\/a><\/li>\n<\/ul>\n<\/li>\n<li><strong>C.4 Comunicaci\u00f3n<\/strong>\n<ul>\n<li><a href=\"https:\/\/snj.gov.py\/2023\/wp-content\/uploads\/2026\/05\/MANUAL-DE-COMUNICACION-VERSION-4-2024.pdf.pdf\">Manual de Comunicaci\u00f3n, versi\u00f3n 4 (2024)<\/a><\/li>\n<\/ul>\n<\/li>\n<\/ul>\n","protected":false},"excerpt":{"rendered":"<p>C.1 Control Operacional Formulario de entrevistas a funcionarios \u2013 MECIP SNJ 2025 Registros de socializaci\u00f3n y construcci\u00f3n en equipo de Pol\u00edtica Operacional Resoluci\u00f3n N.\u00ba 229\/2024 \u2013 Pol\u00edticas de Talento Humano Resoluci\u00f3n N.\u00ba 292\/2025 \u2013 Por la cual se aprueba la Pol\u00edtica Operacional, versi\u00f3n 1 de la SNJ Resoluci\u00f3n N.\u00ba 345\/2025 \u2013 Aprueba la Gu\u00eda de [&hellip;]<\/p>\n","protected":false},"author":1,"featured_media":0,"parent":0,"menu_order":0,"comment_status":"closed","ping_status":"closed","template":"","meta":{"footnotes":""},"class_list":["post-4541","page","type-page","status-publish","hentry"],"_links":{"self":[{"href":"https:\/\/snj.gov.py\/2023\/wp-json\/wp\/v2\/pages\/4541","targetHints":{"allow":["GET"]}}],"collection":[{"href":"https:\/\/snj.gov.py\/2023\/wp-json\/wp\/v2\/pages"}],"about":[{"href":"https:\/\/snj.gov.py\/2023\/wp-json\/wp\/v2\/types\/page"}],"author":[{"embeddable":true,"href":"https:\/\/snj.gov.py\/2023\/wp-json\/wp\/v2\/users\/1"}],"replies":[{"embeddable":true,"href":"https:\/\/snj.gov.py\/2023\/wp-json\/wp\/v2\/comments?post=4541"}],"version-history":[{"count":1,"href":"https:\/\/snj.gov.py\/2023\/wp-json\/wp\/v2\/pages\/4541\/revisions"}],"predecessor-version":[{"id":4551,"href":"https:\/\/snj.gov.py\/2023\/wp-json\/wp\/v2\/pages\/4541\/revisions\/4551"}],"wp:attachment":[{"href":"https:\/\/snj.gov.py\/2023\/wp-json\/wp\/v2\/media?parent=4541"}],"curies":[{"name":"wp","href":"https:\/\/api.w.org\/{rel}","templated":true}]}}