{"id":4530,"date":"2026-05-06T12:08:37","date_gmt":"2026-05-06T15:08:37","guid":{"rendered":"https:\/\/snj.gov.py\/2023\/?page_id=4530"},"modified":"2026-05-06T12:09:57","modified_gmt":"2026-05-06T15:09:57","slug":"control-de-la-planificacion","status":"publish","type":"page","link":"https:\/\/snj.gov.py\/2023\/control-de-la-planificacion\/","title":{"rendered":"Control de la Planificaci\u00f3n"},"content":{"rendered":"<ul>\n<li><strong>B.1 Direccionamiento Estrat\u00e9gico<\/strong>\n<ul>\n<li><a href=\"https:\/\/snj.gov.py\/2023\/wp-content\/uploads\/2026\/05\/PRIM-DE-PANTALLA-DE-SOCIALIZACION-Resolucion-N-384_2025-PEI-2024_2028.pdf.pdf\">Impresi\u00f3n de pantalla de socializaci\u00f3n \u2013 Resoluci\u00f3n N.\u00ba 384\/2025 \u2013 PEI 2024-2028<\/a><\/li>\n<li><a href=\"https:\/\/snj.gov.py\/2023\/wp-content\/uploads\/2026\/05\/RESOLUCION-No-254-2024-PEI-2024-AL-2028-Matriz-Foda.pdf-1.pdf\">Resoluci\u00f3n N.\u00ba 254\/2024 \u2013 PEI 2024 al 2028 \u2013 Matriz FODA<\/a><\/li>\n<li><a href=\"https:\/\/drive.google.com\/file\/d\/1c57yMMnBYQeyWlDL_LyDt5siRmiUe6y4\/view?usp=sharing\">Resoluci\u00f3n N.\u00ba 384\/2025 \u2013 Aprueba la modificaci\u00f3n del PEI de la SNJ 2024-2028<\/a><\/li>\n<li><a href=\"https:\/\/snj.gov.py\/2023\/wp-content\/uploads\/2026\/05\/Socializacion-por-correo-de-la-Resolucion-No-254-2024-del-PEI-SNJ-2024-2028.pdf.pdf\">Socializaci\u00f3n por correo de la Resoluci\u00f3n N.\u00ba 254\/2024 del PEI SNJ 2024-2028<\/a><\/li>\n<\/ul>\n<\/li>\n<li><strong>B.2 Gesti\u00f3n por Procesos<\/strong>\n<ul>\n<li><a href=\"https:\/\/drive.google.com\/file\/d\/1HRm3pED7-2qMex60Crge3xVmTDFaTW5Y\/view?usp=sharing\">Resoluci\u00f3n SNJ N.\u00ba 246\/2025 \u2013 Aprueba el Mapa de Procesos de la SNJ, versi\u00f3n 1<\/a><\/li>\n<\/ul>\n<\/li>\n<li><strong>B.3 Estructura Organizacional<\/strong>\n<ul>\n<li><a href=\"https:\/\/drive.google.com\/file\/d\/1xCARJ1ZVAgkslQ7QJ2SAkrVlk9ot_GWS\/view?usp=sharing\">Resoluci\u00f3n N.\u00ba 096\/2018 \u2013 Por la cual se aprueba el Organigrama de la SNJ<\/a><\/li>\n<\/ul>\n<\/li>\n<li><strong>B.4 Identificaci\u00f3n y Evaluaci\u00f3n de Riesgos (IyER)<\/strong>\n<ul>\n<li><a href=\"https:\/\/drive.google.com\/file\/d\/1cOfovfr0Wf7anGIsZeUNhdgpbtsWaf65\/view?usp=sharing\">Matriz de riesgos operativos<\/a><\/li>\n<li><a href=\"https:\/\/snj.gov.py\/2023\/wp-content\/uploads\/2026\/05\/Resolucion-Metodologia-Gestion-de-Riesgos.pdf-2.pdf\">Resoluci\u00f3n \u2013 Metodolog\u00eda de Gesti\u00f3n de Riesgos<\/a><\/li>\n<li><a href=\"https:\/\/drive.google.com\/file\/d\/1AKoLc-5ldRHQc8MXo46XELaKnwzi9r_O\/view?usp=sharing\">Resoluci\u00f3n N.\u00ba 345\/2025 \u2013 Aprueba la Gu\u00eda de Identificaci\u00f3n y Evaluaci\u00f3n de Riesgos, versi\u00f3n 1<\/a><\/li>\n<li><a href=\"https:\/\/drive.google.com\/file\/d\/1c57yMMnBYQeyWlDL_LyDt5siRmiUe6y4\/view?usp=sharing\">Resoluci\u00f3n N.\u00ba 384\/2025 \u2013 Aprueba la modificaci\u00f3n del PEI de la SNJ 2024-2028<\/a><\/li>\n<li><a href=\"https:\/\/drive.google.com\/file\/d\/1HRm3pED7-2qMex60Crge3xVmTDFaTW5Y\/view?usp=sharing\">Resoluci\u00f3n SNJ N.\u00ba 246\/2025 \u2013 Aprueba el Mapa de Procesos de la SNJ, versi\u00f3n 1<\/a><\/li>\n<li><a href=\"https:\/\/snj.gov.py\/2023\/wp-content\/uploads\/2026\/05\/RESULTADO-DE-INFORMES-DE-AI.pdf.pdf\">Resultado de informes de Auditor\u00eda Interna<\/a><\/li>\n<\/ul>\n<\/li>\n<\/ul>\n","protected":false},"excerpt":{"rendered":"<p>B.1 Direccionamiento Estrat\u00e9gico Impresi\u00f3n de pantalla de socializaci\u00f3n \u2013 Resoluci\u00f3n N.\u00ba 384\/2025 \u2013 PEI 2024-2028 Resoluci\u00f3n N.\u00ba 254\/2024 \u2013 PEI 2024 al 2028 \u2013 Matriz FODA Resoluci\u00f3n N.\u00ba 384\/2025 \u2013 Aprueba la modificaci\u00f3n del PEI de la SNJ 2024-2028 Socializaci\u00f3n por correo de la Resoluci\u00f3n N.\u00ba 254\/2024 del PEI SNJ 2024-2028 B.2 Gesti\u00f3n por Procesos [&hellip;]<\/p>\n","protected":false},"author":1,"featured_media":0,"parent":0,"menu_order":0,"comment_status":"closed","ping_status":"closed","template":"","meta":{"footnotes":""},"class_list":["post-4530","page","type-page","status-publish","hentry"],"_links":{"self":[{"href":"https:\/\/snj.gov.py\/2023\/wp-json\/wp\/v2\/pages\/4530","targetHints":{"allow":["GET"]}}],"collection":[{"href":"https:\/\/snj.gov.py\/2023\/wp-json\/wp\/v2\/pages"}],"about":[{"href":"https:\/\/snj.gov.py\/2023\/wp-json\/wp\/v2\/types\/page"}],"author":[{"embeddable":true,"href":"https:\/\/snj.gov.py\/2023\/wp-json\/wp\/v2\/users\/1"}],"replies":[{"embeddable":true,"href":"https:\/\/snj.gov.py\/2023\/wp-json\/wp\/v2\/comments?post=4530"}],"version-history":[{"count":3,"href":"https:\/\/snj.gov.py\/2023\/wp-json\/wp\/v2\/pages\/4530\/revisions"}],"predecessor-version":[{"id":4539,"href":"https:\/\/snj.gov.py\/2023\/wp-json\/wp\/v2\/pages\/4530\/revisions\/4539"}],"wp:attachment":[{"href":"https:\/\/snj.gov.py\/2023\/wp-json\/wp\/v2\/media?parent=4530"}],"curies":[{"name":"wp","href":"https:\/\/api.w.org\/{rel}","templated":true}]}}