{"id":4507,"date":"2026-05-04T17:16:29","date_gmt":"2026-05-04T20:16:29","guid":{"rendered":"https:\/\/snj.gov.py\/2023\/?page_id=4507"},"modified":"2026-05-06T11:38:05","modified_gmt":"2026-05-06T14:38:05","slug":"ambiente-de-control","status":"publish","type":"page","link":"https:\/\/snj.gov.py\/2023\/ambiente-de-control\/","title":{"rendered":"Ambiente de Control"},"content":{"rendered":"<ul>\n<li><strong>A.1 Compromiso de la Alta Direcci\u00f3n (DA)<\/strong>\n<ul>\n<li><a href=\"https:\/\/snj.gov.py\/2023\/wp-content\/uploads\/2026\/05\/Acta-No-1_CCI_Reforzar-acciones-para-implementar-el-SCI-SNJ.pdf.pdf\">Acta N.\u00ba 1 \u2013 CCI \u2013 Reforzar acciones para implementar el SCI-SNJ<\/a><\/li>\n<li><a href=\"https:\/\/snj.gov.py\/2023\/wp-content\/uploads\/2026\/05\/Acta-No-2_CCI_Elaboracion-de-Analisis-Critico-del-SCI-SNJ.pdf.pdf\">Acta N.\u00ba 2 \u2013 CCI \u2013 Elaboraci\u00f3n de An\u00e1lisis Cr\u00edtico del SCI-SNJ<\/a><\/li>\n<li><a href=\"https:\/\/drive.google.com\/file\/d\/1esUkBeIE_WLSWaOJCQwLVBM3T_L2eevr\/view?usp=sharing\">Resoluci\u00f3n N.\u00ba 233\/2025 \u2013 Por la cual se adopta la NRM 2015 y la Matriz de Evaluaci\u00f3n MECIP<\/a><\/li>\n<li><a href=\"https:\/\/drive.google.com\/file\/d\/1kvXmsKAEy2FuHF3be357a9hd9zfJsqQy\/view?usp=sharing\">Resoluci\u00f3n N.\u00ba 280\/2025 \u2013 Acta N.\u00ba 1 \u2013 Compromiso de implementaci\u00f3n del SCI 2025<\/a><\/li>\n<li><a href=\"https:\/\/snj.gov.py\/2023\/wp-content\/uploads\/2026\/05\/Resolucion-No258-2024-Actualiza-la-PCI-de-la-SNJ.pdf.pdf\">Resoluci\u00f3n N.\u00ba 258\/2024 \u2013 Actualiza la PCI de la SNJ<\/a><\/li>\n<\/ul>\n<\/li>\n<li><strong>A.2 Acuerdos y Compromisos \u00c9ticos (AyCE)<\/strong>\n<ul>\n<li><a href=\"https:\/\/drive.google.com\/file\/d\/1fVuLgsKaORh0f740pxTw40RYLd6MuQI_\/view?usp=sharing\">Acta de Compromiso de Adhesi\u00f3n al C\u00f3digo de \u00c9tica 2025<\/a><\/li>\n<li><a href=\"https:\/\/snj.gov.py\/2023\/wp-content\/uploads\/2026\/05\/correo-de-Socializacion-del-Codigo-de-Buen-Gobierno-y-Codigo-de-Etica-.pdf.pdf\">Correo de socializaci\u00f3n del C\u00f3digo de Buen Gobierno y C\u00f3digo de \u00c9tica<\/a><\/li>\n<li><a href=\"https:\/\/snj.gov.py\/2023\/wp-content\/uploads\/2026\/05\/FORMULARIO-DE-ENTREVISTAS-A-FUNCIONARIOS_MECIP_SNJ_2025.pdf_compressed-1.pdf.pdf\">Formulario de entrevistas a funcionarios \u2013 MECIP SNJ 2025<\/a><\/li>\n<li><a href=\"https:\/\/snj.gov.py\/2023\/wp-content\/uploads\/2026\/05\/RESOLUCION-No-242-2024-ACTUALIZACION-DEL-COMITE-DE-ETICA-Y-BUEN-GOBIERNO.pdf.pdf\">Resoluci\u00f3n N.\u00ba 242\/2024 \u2013 Actualizaci\u00f3n del Comit\u00e9 de \u00c9tica y Buen Gobierno<\/a><\/li>\n<li><a href=\"https:\/\/snj.gov.py\/2023\/wp-content\/uploads\/2026\/05\/RESOLUCION-SNJ-No-255-2024-CODIGO-DE-ETICA-VERSION-5-PDF-2024-3.pdf.pdf\">Resoluci\u00f3n SNJ N.\u00ba 255\/2024 \u2013 C\u00f3digo de \u00c9tica, versi\u00f3n 5 (2024)<\/a><\/li>\n<\/ul>\n<\/li>\n<li><strong>A.3 Protocolo de Buen Gobierno (PBG)<\/strong>\n<ul>\n<li><a href=\"https:\/\/snj.gov.py\/2023\/wp-content\/uploads\/2026\/05\/CIRCULAR-N-1-CONVOCATORIA-CURSO-MECIP.pdf.pdf\">Circular N.\u00ba 1 \u2013 Convocatoria al Curso MECIP<\/a><\/li>\n<li><a href=\"https:\/\/snj.gov.py\/2023\/wp-content\/uploads\/2026\/05\/correo-de-Socializacion-del-Codigo-de-Buen-Gobierno-y-Codigo-de-Etica-1-1.pdf-1.pdf\">Correo de socializaci\u00f3n del C\u00f3digo de Buen Gobierno y C\u00f3digo de \u00c9tica<\/a><\/li>\n<li><a href=\"https:\/\/drive.google.com\/file\/d\/1616VGdjhhpcXx_kT0f28vx9qCQUeBaTU\/view?usp=sharing\">Formulario de entrevistas a funcionarios \u2013 MECIP SNJ 2025<\/a><\/li>\n<li><a href=\"https:\/\/snj.gov.py\/2023\/wp-content\/uploads\/2026\/05\/RESOLUCION-No-242-2024-POR-LA-CUAL-SE-ACTUALIZA-LOS-COMITE-DE-ETICA-Y-BUEN-GOBIERNO.pdf.pdf\">Resoluci\u00f3n N.\u00ba 242\/2024 \u2013 Por la cual se actualizan los Comit\u00e9s de \u00c9tica y Buen Gobierno<\/a><\/li>\n<li><a href=\"https:\/\/snj.gov.py\/2023\/wp-content\/uploads\/2026\/05\/RESOLUCION-No-257-2024-ACTUALIZACION-DEL-CODIGO-DE-BUEN-GOBIERNO-2024.pdf.pdf\">Resoluci\u00f3n N.\u00ba 257\/2024 \u2013 Actualizaci\u00f3n del C\u00f3digo de Buen Gobierno 2024<\/a><\/li>\n<\/ul>\n<\/li>\n<li><strong>A.4 Pol\u00edtica de Talento Humano (PTH)<\/strong>\n<ul>\n<li><a href=\"https:\/\/snj.gov.py\/2023\/wp-content\/uploads\/2026\/05\/RESOLUCION-No-229-2024-POLITICAS-DE-TALENTO-HUMANO.pdf.pdf\">Resoluci\u00f3n N.\u00ba 229\/2024 \u2013 Pol\u00edticas de Talento Humano<\/a><\/li>\n<\/ul>\n<\/li>\n<\/ul>\n","protected":false},"excerpt":{"rendered":"<p>A.1 Compromiso de la Alta Direcci\u00f3n (DA) Acta N.\u00ba 1 \u2013 CCI \u2013 Reforzar acciones para implementar el SCI-SNJ Acta N.\u00ba 2 \u2013 CCI \u2013 Elaboraci\u00f3n de An\u00e1lisis Cr\u00edtico del SCI-SNJ Resoluci\u00f3n N.\u00ba 233\/2025 \u2013 Por la cual se adopta la NRM 2015 y la Matriz de Evaluaci\u00f3n MECIP Resoluci\u00f3n N.\u00ba 280\/2025 \u2013 Acta N.\u00ba [&hellip;]<\/p>\n","protected":false},"author":1,"featured_media":0,"parent":0,"menu_order":0,"comment_status":"closed","ping_status":"closed","template":"","meta":{"footnotes":""},"class_list":["post-4507","page","type-page","status-publish","hentry"],"_links":{"self":[{"href":"https:\/\/snj.gov.py\/2023\/wp-json\/wp\/v2\/pages\/4507","targetHints":{"allow":["GET"]}}],"collection":[{"href":"https:\/\/snj.gov.py\/2023\/wp-json\/wp\/v2\/pages"}],"about":[{"href":"https:\/\/snj.gov.py\/2023\/wp-json\/wp\/v2\/types\/page"}],"author":[{"embeddable":true,"href":"https:\/\/snj.gov.py\/2023\/wp-json\/wp\/v2\/users\/1"}],"replies":[{"embeddable":true,"href":"https:\/\/snj.gov.py\/2023\/wp-json\/wp\/v2\/comments?post=4507"}],"version-history":[{"count":5,"href":"https:\/\/snj.gov.py\/2023\/wp-json\/wp\/v2\/pages\/4507\/revisions"}],"predecessor-version":[{"id":4529,"href":"https:\/\/snj.gov.py\/2023\/wp-json\/wp\/v2\/pages\/4507\/revisions\/4529"}],"wp:attachment":[{"href":"https:\/\/snj.gov.py\/2023\/wp-json\/wp\/v2\/media?parent=4507"}],"curies":[{"name":"wp","href":"https:\/\/api.w.org\/{rel}","templated":true}]}}