{"id":4471,"date":"2026-03-31T14:13:35","date_gmt":"2026-03-31T17:13:35","guid":{"rendered":"https:\/\/snj.gov.py\/2023\/?page_id=4471"},"modified":"2026-05-04T16:36:37","modified_gmt":"2026-05-04T19:36:37","slug":"rendicion-de-cuentas-2026","status":"publish","type":"page","link":"https:\/\/snj.gov.py\/2023\/rendicion-de-cuentas-2026\/","title":{"rendered":"Rendici\u00f3n de cuentas-2026"},"content":{"rendered":"<ul>\n<li><a href=\"https:\/\/snj.gov.py\/2023\/wp-content\/uploads\/2026\/03\/RESOLUCION-NRO-82-PLAN-DE-RENDICION-DE-CUENTAS-DE-LA-SNJ-ANO-2026.pdf\">RESOLUCION NRO 82 PLAN DE RENDICION DE CUENTAS DE LA SNJ A\u00d1O 2026<\/a><\/li>\n<\/ul>\n<p>&nbsp;<\/p>\n<ul>\n<li><a href=\"https:\/\/docs.google.com\/spreadsheets\/d\/1Hztkf6Wh2UbAuThrfY2MqFIyrRQO7bGP\/edit?usp=sharing&amp;ouid=115368889047308956024&amp;rtpof=true&amp;sd=true\">Matriz del Plan de Rendici\u00f3n de Cuentas al Ciudadano (Ver formato abierto)<\/a><\/li>\n<li><a href=\"https:\/\/docs.google.com\/spreadsheets\/d\/1Hztkf6Wh2UbAuThrfY2MqFIyrRQO7bGP\/edit?usp=sharing&amp;ouid=115368889047308956024&amp;rtpof=true&amp;sd=true\">Matriz de Rendici\u00f3n de Cuentas al Ciudadano &#8211; Primer informe trimestral (Ver formato abierto)<\/a><\/li>\n<li><a href=\"https:\/\/snj.gov.py\/2023\/wp-content\/uploads\/2026\/05\/Matriz-de-informacion-primer-trimestre-con-firma-de-los-integrantes.pdf\">Matriz de Rendici\u00f3n de Cuentas al Ciudadano &#8211; Primer informe trimestral (Ver formato PDF)<\/a><\/li>\n<\/ul>\n","protected":false},"excerpt":{"rendered":"<p>RESOLUCION NRO 82 PLAN DE RENDICION DE CUENTAS DE LA SNJ A\u00d1O 2026 &nbsp; Matriz del Plan de Rendici\u00f3n de Cuentas al Ciudadano (Ver formato abierto) Matriz de Rendici\u00f3n de Cuentas al Ciudadano &#8211; Primer informe trimestral (Ver formato abierto) Matriz de Rendici\u00f3n de Cuentas al Ciudadano &#8211; Primer informe trimestral (Ver formato PDF)<\/p>\n","protected":false},"author":1,"featured_media":0,"parent":0,"menu_order":0,"comment_status":"closed","ping_status":"closed","template":"","meta":{"footnotes":""},"class_list":["post-4471","page","type-page","status-publish","hentry"],"_links":{"self":[{"href":"https:\/\/snj.gov.py\/2023\/wp-json\/wp\/v2\/pages\/4471","targetHints":{"allow":["GET"]}}],"collection":[{"href":"https:\/\/snj.gov.py\/2023\/wp-json\/wp\/v2\/pages"}],"about":[{"href":"https:\/\/snj.gov.py\/2023\/wp-json\/wp\/v2\/types\/page"}],"author":[{"embeddable":true,"href":"https:\/\/snj.gov.py\/2023\/wp-json\/wp\/v2\/users\/1"}],"replies":[{"embeddable":true,"href":"https:\/\/snj.gov.py\/2023\/wp-json\/wp\/v2\/comments?post=4471"}],"version-history":[{"count":6,"href":"https:\/\/snj.gov.py\/2023\/wp-json\/wp\/v2\/pages\/4471\/revisions"}],"predecessor-version":[{"id":4506,"href":"https:\/\/snj.gov.py\/2023\/wp-json\/wp\/v2\/pages\/4471\/revisions\/4506"}],"wp:attachment":[{"href":"https:\/\/snj.gov.py\/2023\/wp-json\/wp\/v2\/media?parent=4471"}],"curies":[{"name":"wp","href":"https:\/\/api.w.org\/{rel}","templated":true}]}}