{"id":3455,"date":"2025-03-19T09:13:58","date_gmt":"2025-03-19T12:13:58","guid":{"rendered":"https:\/\/snj.gov.py\/2023\/?page_id=3455"},"modified":"2025-04-25T12:55:06","modified_gmt":"2025-04-25T15:55:06","slug":"pasantias-2025","status":"publish","type":"page","link":"https:\/\/snj.gov.py\/2023\/pasantias-2025\/","title":{"rendered":"Pasant\u00edas universitarias remuneradas 2025"},"content":{"rendered":"<ol>\n<li><a href=\"https:\/\/snj.gov.py\/2023\/wp-content\/uploads\/2025\/04\/Habilitados-entrevistas.pdf\">Habilitados para la entrevista<\/a><\/li>\n<li><a href=\"https:\/\/snj.gov.py\/2023\/wp-content\/uploads\/2025\/04\/No-habilitados-entrevistas.pdf\">No habilitados para la entrevista<\/a><\/li>\n<li><a href=\"https:\/\/snj.gov.py\/2023\/wp-content\/uploads\/2025\/03\/resultado-examen-pasantia.pdf\">Resultado evaluaci\u00f3n de selecci\u00f3n m\u00faltiple<\/a><\/li>\n<li><a href=\"https:\/\/snj.gov.py\/2023\/wp-content\/uploads\/2025\/04\/Puntajes-finales-Pasantias-Universitarias.pdf\"><span class=\"selectable-text copyable-text false\">Lista de admitidos y puntajes finales<\/span><\/a><\/li>\n<\/ol>\n","protected":false},"excerpt":{"rendered":"<p>Habilitados para la entrevista No habilitados para la entrevista Resultado evaluaci\u00f3n de selecci\u00f3n m\u00faltiple Lista de admitidos y puntajes finales<\/p>\n","protected":false},"author":1,"featured_media":0,"parent":0,"menu_order":0,"comment_status":"closed","ping_status":"closed","template":"","meta":{"footnotes":""},"class_list":["post-3455","page","type-page","status-publish","hentry"],"_links":{"self":[{"href":"https:\/\/snj.gov.py\/2023\/wp-json\/wp\/v2\/pages\/3455","targetHints":{"allow":["GET"]}}],"collection":[{"href":"https:\/\/snj.gov.py\/2023\/wp-json\/wp\/v2\/pages"}],"about":[{"href":"https:\/\/snj.gov.py\/2023\/wp-json\/wp\/v2\/types\/page"}],"author":[{"embeddable":true,"href":"https:\/\/snj.gov.py\/2023\/wp-json\/wp\/v2\/users\/1"}],"replies":[{"embeddable":true,"href":"https:\/\/snj.gov.py\/2023\/wp-json\/wp\/v2\/comments?post=3455"}],"version-history":[{"count":10,"href":"https:\/\/snj.gov.py\/2023\/wp-json\/wp\/v2\/pages\/3455\/revisions"}],"predecessor-version":[{"id":3866,"href":"https:\/\/snj.gov.py\/2023\/wp-json\/wp\/v2\/pages\/3455\/revisions\/3866"}],"wp:attachment":[{"href":"https:\/\/snj.gov.py\/2023\/wp-json\/wp\/v2\/media?parent=3455"}],"curies":[{"name":"wp","href":"https:\/\/api.w.org\/{rel}","templated":true}]}}