{"id":3315,"date":"2025-02-20T13:53:24","date_gmt":"2025-02-20T16:53:24","guid":{"rendered":"https:\/\/snj.gov.py\/2023\/?page_id=3315"},"modified":"2026-02-10T09:49:24","modified_gmt":"2026-02-10T12:49:24","slug":"transparencia-ano-2025","status":"publish","type":"page","link":"https:\/\/snj.gov.py\/2023\/transparencia-ano-2025\/","title":{"rendered":"Transparencia a\u00f1o 2025"},"content":{"rendered":"<p><a href=\"https:\/\/snj.gov.py\/2023\/wp-content\/uploads\/2025\/02\/PRESUPUESTO-DE-INGRESOS.pdf\">Presupuesto de ingresos<\/a><\/p>\n<p><a href=\"https:\/\/snj.gov.py\/2023\/wp-content\/uploads\/2025\/02\/ANEXO-DE-PERSONAL.pdf\">Anexo de Personal\u00a0 SNJ<\/a><\/p>\n<p><a href=\"https:\/\/drive.google.com\/file\/d\/1I4MUHBKnk6C8a0_OSWEG3OTzfm_Nnr4O\/view?usp=sharing\">Informe de inventario F.C.3<\/a><\/p>\n<p><a href=\"https:\/\/snj.gov.py\/2023\/wp-content\/uploads\/2026\/02\/REMUNERACION-TOTAL-DE-ASIGNACIONES-2025.pdf\">Resumen total de los ingresos por funcionarios<\/a><\/p>\n<ul>\n<li><strong>Enero<\/strong>\n<ul>\n<li><a href=\"https:\/\/snj.gov.py\/2023\/wp-content\/uploads\/2025\/02\/INCISO-e-Nomina-de-Funcionario.pdf\">Nomina de funcionarios<\/a><\/li>\n<li><a href=\"https:\/\/snj.gov.py\/2023\/wp-content\/uploads\/2025\/02\/EJECUCION-PRESUPUESTARIA-MES-01.pdf\">Ejecuci\u00f3n presupuestaria<\/a><\/li>\n<li><a href=\"https:\/\/snj.gov.py\/2023\/wp-content\/uploads\/2025\/02\/PLANILLA-DE-VIATICO-SIN-MOVIMIENTO.pdf\">Planilla de vi\u00e1ticos (sin movimiento)<\/a><\/li>\n<\/ul>\n<\/li>\n<li><strong>Febrero<\/strong>\n<ul>\n<li><a href=\"https:\/\/snj.gov.py\/2023\/wp-content\/uploads\/2025\/03\/NOMINA-DE-FUNCIONARIOS-FEBRERO.pdf\">Nomina de funcionarios<\/a><\/li>\n<li><a href=\"https:\/\/snj.gov.py\/2023\/wp-content\/uploads\/2025\/03\/EJECUCION-PRESUPUESTARIA-POR-EL-OBJETO-DEL-GASTO-FEB-25.pdf\">Ejecuci\u00f3n presupuestaria<\/a><\/li>\n<li><a href=\"https:\/\/snj.gov.py\/2023\/wp-content\/uploads\/2025\/03\/Planilla-de-viatico.pdf\">Planilla de vi\u00e1ticos<\/a><\/li>\n<\/ul>\n<\/li>\n<li><strong>Marzo<\/strong>\n<ul>\n<li><a href=\"https:\/\/snj.gov.py\/2023\/wp-content\/uploads\/2025\/04\/NOMINA-DE-FUNCIONARIOS.pdf\">Nomina de funcionarios<\/a><\/li>\n<li><a href=\"https:\/\/snj.gov.py\/2023\/wp-content\/uploads\/2025\/04\/EJECUCION-PRESUPUESTARIA-POR-OG.pdf\">Ejecuci\u00f3n presupuestaria<\/a><\/li>\n<li><a href=\"https:\/\/snj.gov.py\/2023\/wp-content\/uploads\/2025\/04\/PLANILLA-DE-VIATICO.pdf\">Planilla de vi\u00e1ticos<\/a><\/li>\n<\/ul>\n<\/li>\n<li><strong>Abril<\/strong>\n<ul>\n<li><a href=\"https:\/\/snj.gov.py\/2023\/wp-content\/uploads\/2025\/05\/NOMINA-DE-FUNCIONARIOS.pdf\">Nomina de funcionarios<\/a><\/li>\n<li><a href=\"https:\/\/snj.gov.py\/2023\/wp-content\/uploads\/2025\/05\/EJECUCION-PRESUPUESTARIA-POR-OBJETO-DE-GASTOS.pdf\">Ejecuci\u00f3n presupuestaria<\/a><\/li>\n<li><a href=\"https:\/\/snj.gov.py\/2023\/wp-content\/uploads\/2025\/05\/PLANILLA-DE-VIATICO.pdf\">Planilla de vi\u00e1ticos<\/a><\/li>\n<\/ul>\n<\/li>\n<li><strong>Mayo<\/strong>\n<ul>\n<li><a href=\"https:\/\/snj.gov.py\/2023\/wp-content\/uploads\/2025\/06\/NOMINA-DE-FUNCIONARIOS.pdf\">Nomina de funcionarios<\/a><\/li>\n<li><a href=\"https:\/\/snj.gov.py\/2023\/wp-content\/uploads\/2025\/06\/EJECUCION-PRESUPUESTARIA-POR-OBJETO-DE-GASTOS.pdf\">Ejecuci\u00f3n presupuestaria<\/a><\/li>\n<li><a href=\"https:\/\/snj.gov.py\/2023\/wp-content\/uploads\/2025\/06\/PLANILLA-DE-VIATICO.pdf\">Planilla de vi\u00e1ticos<\/a><\/li>\n<\/ul>\n<\/li>\n<li><strong>Junio<\/strong>\n<ul>\n<li><a href=\"https:\/\/snj.gov.py\/2023\/wp-content\/uploads\/2025\/07\/INCISO-e-Nomina-de-Funcionario.pdf\">Nomina de funcionarios<\/a><\/li>\n<li><a href=\"https:\/\/snj.gov.py\/2023\/wp-content\/uploads\/2025\/07\/EJECUCION-PRESUPUESTARIA-POR-EL-OBJETO-DEL-GASTO.pdf\">Ejecuci\u00f3n presupuestaria<\/a><\/li>\n<li><a href=\"https:\/\/snj.gov.py\/2023\/wp-content\/uploads\/2025\/07\/PLANILLA-DE-VIATICO_compressed.pdf\">Planilla de vi\u00e1ticos<\/a><\/li>\n<li><a href=\"https:\/\/snj.gov.py\/2023\/wp-content\/uploads\/2025\/07\/RUBRO-800.pdf\">Reporte nivel 800<\/a><\/li>\n<\/ul>\n<\/li>\n<li><strong>Julio<\/strong>\n<ul>\n<li><a href=\"https:\/\/snj.gov.py\/2023\/wp-content\/uploads\/2025\/08\/NOMINA-DE-FUNCIONARIOS.pdf\">Nomina de funcionarios<\/a><\/li>\n<li><a href=\"https:\/\/snj.gov.py\/2023\/wp-content\/uploads\/2025\/08\/EJECUCION-PRESUPUESTARIA-POR-OBJETO-DE-GASTO.pdf\">Ejecuci\u00f3n presupuestaria<\/a><\/li>\n<li><a href=\"https:\/\/snj.gov.py\/2023\/wp-content\/uploads\/2025\/08\/PLANILLA-DE-VIATICO.pdf\">Planilla de vi\u00e1ticos<\/a><\/li>\n<li><a href=\"https:\/\/snj.gov.py\/2023\/wp-content\/uploads\/2025\/08\/RUBRO-800.pdf\">Reporte nivel 800<\/a><\/li>\n<\/ul>\n<\/li>\n<li><strong>Agosto<\/strong>\n<ul>\n<li><a href=\"https:\/\/snj.gov.py\/2023\/wp-content\/uploads\/2025\/09\/NOMINA-DE-FUNCIONARIOS.pdf\">Nomina de funcionarios<\/a><\/li>\n<li><a href=\"https:\/\/snj.gov.py\/2023\/wp-content\/uploads\/2025\/09\/EJECUCION-PRESUPUESTARIA-POR-OBJETO-DE-GASTO.pdf\">Ejecuci\u00f3n presupuestaria<\/a><\/li>\n<li><a href=\"https:\/\/snj.gov.py\/2023\/wp-content\/uploads\/2025\/09\/PLANILLA-DE-VIATICO.pdf\">Planilla de vi\u00e1ticos<\/a><\/li>\n<li><a href=\"https:\/\/snj.gov.py\/2023\/wp-content\/uploads\/2025\/09\/RUBRO-800-AGOSTO.pdf\">Reporte nivel 800<\/a><\/li>\n<\/ul>\n<\/li>\n<li><strong>Septiembre<\/strong>\n<ul>\n<li><a href=\"https:\/\/snj.gov.py\/2023\/wp-content\/uploads\/2025\/10\/NOMINA-DE-FUNCIONARIOS.pdf\">Nomina de funcionarios<\/a><\/li>\n<li><a href=\"https:\/\/snj.gov.py\/2023\/wp-content\/uploads\/2025\/10\/EJECUCION-PRESUPUESTARIA.pdf\">Ejecuci\u00f3n presupuestaria<\/a><\/li>\n<li><a href=\"https:\/\/snj.gov.py\/2023\/wp-content\/uploads\/2025\/10\/PLANILLA-DE-VIATICO.pdf\">Planilla de vi\u00e1ticos<\/a><\/li>\n<\/ul>\n<\/li>\n<li><strong>Octubre<\/strong>\n<ul>\n<li><a href=\"https:\/\/snj.gov.py\/2023\/wp-content\/uploads\/2025\/11\/NOMINA-DE-FUNCIONARIOS-MES-10.pdf\">Nomina de funcionarios<\/a><\/li>\n<li><a href=\"https:\/\/snj.gov.py\/2023\/wp-content\/uploads\/2025\/11\/EJECUCION-PRESUPUESTARIA-MES-10.pdf\">Ejecuci\u00f3n presupuestaria<\/a><\/li>\n<li><a href=\"https:\/\/snj.gov.py\/2023\/wp-content\/uploads\/2025\/11\/PLANILLA-DE-VIATICO-MES-10.pdf\">Planilla de vi\u00e1ticos<\/a><\/li>\n<\/ul>\n<\/li>\n<li><strong>Noviembre<\/strong>\n<ul>\n<li><a href=\"https:\/\/snj.gov.py\/2023\/wp-content\/uploads\/2025\/12\/INCISO-e-Nomina-de-Funcionario.pdf\">Nomina de funcionarios<\/a><\/li>\n<li><a href=\"https:\/\/snj.gov.py\/2023\/wp-content\/uploads\/2025\/12\/Ejecucion-Presupuestaria-mes-11.pdf\">Ejecuci\u00f3n presupuestaria<\/a><\/li>\n<li><a href=\"https:\/\/snj.gov.py\/2023\/wp-content\/uploads\/2025\/12\/PLANILLA-DE-VIATICO-MES-11.pdf\">Planilla de vi\u00e1ticos<\/a><\/li>\n<\/ul>\n<\/li>\n<li><strong>Diciembre<\/strong>\n<ul>\n<li><a href=\"https:\/\/snj.gov.py\/2023\/wp-content\/uploads\/2026\/02\/INCISO-e-Nomina-de-Funcionario.pdf\">Nomina de funcionarios<\/a><\/li>\n<li><a href=\"https:\/\/snj.gov.py\/2023\/wp-content\/uploads\/2026\/02\/EJECUCION-DE-GASTO-MES-DE-DICIEMBRE-2025.pdf\">Ejecuci\u00f3n presupuestaria<\/a><\/li>\n<li><a href=\"https:\/\/snj.gov.py\/2023\/wp-content\/uploads\/2026\/02\/VIATICO-SIN-MOVIMIENTO.pdf\">Planilla de vi\u00e1ticos<\/a><\/li>\n<\/ul>\n<\/li>\n<\/ul>\n","protected":false},"excerpt":{"rendered":"<p>Presupuesto de ingresos Anexo de Personal\u00a0 SNJ Informe de inventario F.C.3 Resumen total de los ingresos por funcionarios Enero Nomina de funcionarios Ejecuci\u00f3n presupuestaria Planilla de vi\u00e1ticos (sin movimiento) Febrero Nomina de funcionarios Ejecuci\u00f3n presupuestaria Planilla de vi\u00e1ticos Marzo Nomina de funcionarios Ejecuci\u00f3n presupuestaria Planilla de vi\u00e1ticos Abril Nomina de funcionarios Ejecuci\u00f3n presupuestaria Planilla de [&hellip;]<\/p>\n","protected":false},"author":1,"featured_media":0,"parent":0,"menu_order":0,"comment_status":"closed","ping_status":"closed","template":"","meta":{"footnotes":""},"class_list":["post-3315","page","type-page","status-publish","hentry"],"_links":{"self":[{"href":"https:\/\/snj.gov.py\/2023\/wp-json\/wp\/v2\/pages\/3315","targetHints":{"allow":["GET"]}}],"collection":[{"href":"https:\/\/snj.gov.py\/2023\/wp-json\/wp\/v2\/pages"}],"about":[{"href":"https:\/\/snj.gov.py\/2023\/wp-json\/wp\/v2\/types\/page"}],"author":[{"embeddable":true,"href":"https:\/\/snj.gov.py\/2023\/wp-json\/wp\/v2\/users\/1"}],"replies":[{"embeddable":true,"href":"https:\/\/snj.gov.py\/2023\/wp-json\/wp\/v2\/comments?post=3315"}],"version-history":[{"count":17,"href":"https:\/\/snj.gov.py\/2023\/wp-json\/wp\/v2\/pages\/3315\/revisions"}],"predecessor-version":[{"id":4356,"href":"https:\/\/snj.gov.py\/2023\/wp-json\/wp\/v2\/pages\/3315\/revisions\/4356"}],"wp:attachment":[{"href":"https:\/\/snj.gov.py\/2023\/wp-json\/wp\/v2\/media?parent=3315"}],"curies":[{"name":"wp","href":"https:\/\/api.w.org\/{rel}","templated":true}]}}