{"id":3137,"date":"2024-12-19T13:08:31","date_gmt":"2024-12-19T16:08:31","guid":{"rendered":"https:\/\/snj.gov.py\/2023\/?page_id=3137"},"modified":"2026-01-13T14:11:07","modified_gmt":"2026-01-13T17:11:07","slug":"transparencia-activa","status":"publish","type":"page","link":"https:\/\/snj.gov.py\/2023\/transparencia-activa\/","title":{"rendered":"Transparencia Activa"},"content":{"rendered":"<p><strong>Acceso a la informaci\u00f3n &#8211; Ley 5.282\/14<\/strong><\/p>\n<p><a href=\"https:\/\/snj.gov.py\/2023\/transparencia-activa-ano-2026\/\">A\u00f1o 2026<\/a><\/p>\n<p><a href=\"https:\/\/snj.gov.py\/2023\/transparencia-activa-ano-2025\/\">A\u00f1o 2025<\/a><\/p>\n<p><a href=\"https:\/\/snj.gov.py\/2023\/transparencia-activa-2024\/\">A\u00f1o 2024<\/a><\/p>\n","protected":false},"excerpt":{"rendered":"<p>Acceso a la informaci\u00f3n &#8211; Ley 5.282\/14 A\u00f1o 2026 A\u00f1o 2025 A\u00f1o 2024<\/p>\n","protected":false},"author":1,"featured_media":0,"parent":0,"menu_order":0,"comment_status":"closed","ping_status":"closed","template":"","meta":{"footnotes":""},"class_list":["post-3137","page","type-page","status-publish","hentry"],"_links":{"self":[{"href":"https:\/\/snj.gov.py\/2023\/wp-json\/wp\/v2\/pages\/3137","targetHints":{"allow":["GET"]}}],"collection":[{"href":"https:\/\/snj.gov.py\/2023\/wp-json\/wp\/v2\/pages"}],"about":[{"href":"https:\/\/snj.gov.py\/2023\/wp-json\/wp\/v2\/types\/page"}],"author":[{"embeddable":true,"href":"https:\/\/snj.gov.py\/2023\/wp-json\/wp\/v2\/users\/1"}],"replies":[{"embeddable":true,"href":"https:\/\/snj.gov.py\/2023\/wp-json\/wp\/v2\/comments?post=3137"}],"version-history":[{"count":8,"href":"https:\/\/snj.gov.py\/2023\/wp-json\/wp\/v2\/pages\/3137\/revisions"}],"predecessor-version":[{"id":4307,"href":"https:\/\/snj.gov.py\/2023\/wp-json\/wp\/v2\/pages\/3137\/revisions\/4307"}],"wp:attachment":[{"href":"https:\/\/snj.gov.py\/2023\/wp-json\/wp\/v2\/media?parent=3137"}],"curies":[{"name":"wp","href":"https:\/\/api.w.org\/{rel}","templated":true}]}}