{"id":2512,"date":"2024-05-21T14:37:33","date_gmt":"2024-05-21T18:37:33","guid":{"rendered":"https:\/\/snj.gov.py\/2023\/?page_id=2512"},"modified":"2025-02-05T10:04:51","modified_gmt":"2025-02-05T13:04:51","slug":"transparencia-ano-2024","status":"publish","type":"page","link":"https:\/\/snj.gov.py\/2023\/transparencia-ano-2024\/","title":{"rendered":"Transparencia A\u00f1o 2024"},"content":{"rendered":"<p><a href=\"https:\/\/snj.gov.py\/2023\/wp-content\/uploads\/2024\/04\/PRESUPUESTO-DE-INGRESOS-ANO-2024.pdf\">Presupuesto de ingresos<\/a><\/p>\n<p><a href=\"https:\/\/snj.gov.py\/2023\/wp-content\/uploads\/2024\/04\/ANEXO-DE-PERSONAL-SNJ-ANO-2024.pdf\">Anexo de Personal\u00a0 SNJ<\/a><\/p>\n<p><a href=\"https:\/\/snj.gov.py\/2023\/wp-content\/uploads\/2024\/04\/INFORME-DE-INVENTARIO-F.C.3-ANO-2024.pdf\">Informe de inventario F.C.3<\/a><\/p>\n<p><a href=\"https:\/\/snj.gov.py\/2023\/wp-content\/uploads\/2025\/02\/PLANILLA-ANUAL-DE-PAGOS-2024.pdf\">Resumen total de los ingresos por funcionarios<\/a><\/p>\n<ul>\n<li><strong>Enero<\/strong>\n<ul>\n<li><a href=\"https:\/\/snj.gov.py\/2023\/wp-content\/uploads\/2024\/05\/01-NOMINA-DE-FUNCIONARIOS-ENERO-2024.pdf\">Nomina de funcionarios<\/a><\/li>\n<li><a href=\"https:\/\/snj.gov.py\/2023\/wp-content\/uploads\/2024\/02\/Ejecucion-Enero-2024.pdf\">Ejecuci\u00f3n presupuestaria<\/a><\/li>\n<li><a href=\"https:\/\/snj.gov.py\/2023\/wp-content\/uploads\/2024\/02\/PLANILLA-VIATICOS-ENERO-2024.pdf\">Planilla de vi\u00e1ticos<\/a><\/li>\n<\/ul>\n<\/li>\n<li><strong>Febrero<\/strong>\n<ul>\n<li><a href=\"https:\/\/snj.gov.py\/2023\/wp-content\/uploads\/2024\/05\/02-NOMINA-DE-FUNCIONARIOS-FEBRERO-2024.pdf\">Nomina de funcionarios.<\/a><\/li>\n<li><a href=\"https:\/\/snj.gov.py\/2023\/wp-content\/uploads\/2024\/03\/02-Ejecucion-Febrero-2024.pdf\">Ejecuci\u00f3n presupuestaria<\/a><\/li>\n<li><a href=\"https:\/\/snj.gov.py\/2023\/wp-content\/uploads\/2024\/03\/Planilla-de-viaticos.pdf\">Planilla de vi\u00e1ticos<\/a><\/li>\n<li><a href=\"https:\/\/snj.gov.py\/2023\/wp-content\/uploads\/2024\/03\/INFORME-DE-VIATICO-Mes-de-Febrero-v2.pdf\">Informe de vi\u00e1ticos<\/a><\/li>\n<\/ul>\n<\/li>\n<li><strong>Marzo<\/strong>\n<ul>\n<li><a href=\"https:\/\/snj.gov.py\/2023\/wp-content\/uploads\/2024\/05\/03-NOMINA-DE-FUNCIONARIOS-MARZO-2024.pdf\">Nomina de funcionarios<\/a><\/li>\n<li><a href=\"https:\/\/snj.gov.py\/2023\/wp-content\/uploads\/2024\/04\/Ejecucion-Marzo-2024.pdf\">Ejecuci\u00f3n presupuestaria<\/a><\/li>\n<li><a href=\"https:\/\/snj.gov.py\/2023\/wp-content\/uploads\/2024\/04\/PLANILLA-DE-VIATICO-MES-DE-MARZO-NACIONAL-E-INTERNACIONAL_rotated.pdf\">Planilla de vi\u00e1ticos<\/a><\/li>\n<li><a href=\"https:\/\/snj.gov.py\/2023\/wp-content\/uploads\/2024\/04\/INFORME-DE-VIAJE-INTERNACIONAL-MES-DE-MARZO.pdf\">Informe de vi\u00e1ticos internacionales<\/a><\/li>\n<li><a href=\"https:\/\/snj.gov.py\/2023\/wp-content\/uploads\/2024\/04\/INFORME-DE-VIAJE-NACIONAL-MES-DE-MARZO.pdf\">Informe de vi\u00e1ticos nacionales<\/a><\/li>\n<\/ul>\n<\/li>\n<li><strong>Abril<\/strong>\n<ul>\n<li><a href=\"https:\/\/snj.gov.py\/2023\/wp-content\/uploads\/2024\/05\/04-NOMINA-DE-FUNCIONARIOS-ABRIL-2024.pdf\">Nomina de funcionarios<\/a><\/li>\n<li><a href=\"https:\/\/snj.gov.py\/2023\/wp-content\/uploads\/2024\/05\/EJECUCION-PRESUPUESTARIA-MES-DE-ABRIL.pdf\">Ejecuci\u00f3n presupuestaria<\/a><\/li>\n<li><a href=\"https:\/\/snj.gov.py\/2023\/wp-content\/uploads\/2024\/05\/PLANILLA-DE-REGISTRO-MENSUAL-DE-VIATICO-MES-DE-ABRIL.pdf\">Planilla de vi\u00e1ticos<\/a><\/li>\n<li><a href=\"https:\/\/snj.gov.py\/2023\/wp-content\/uploads\/2024\/05\/informe-viajes-nacionales-abril.pdf\">Informe de vi\u00e1ticos nacionales <\/a><\/li>\n<li><a href=\"https:\/\/snj.gov.py\/2023\/wp-content\/uploads\/2024\/05\/ANEXO-III-MES-DE-ABRIL-EXTERIOR.pdf\">Informe de vi\u00e1ticos internacionales<\/a><\/li>\n<\/ul>\n<\/li>\n<li><strong>Mayo<\/strong>\n<ul>\n<li><a href=\"https:\/\/snj.gov.py\/2023\/wp-content\/uploads\/2024\/06\/05-NOMINA-DE-FUNCIONARIOS-MAYO-2024.pdf\">Nomina de funcionarios<\/a><\/li>\n<li><a href=\"https:\/\/snj.gov.py\/2023\/wp-content\/uploads\/2024\/06\/Ejecucion-Presupuestaria-Mayo-2024.pdf\">Ejecuci\u00f3n presupuestaria<\/a><\/li>\n<li><a href=\"https:\/\/snj.gov.py\/2023\/wp-content\/uploads\/2024\/06\/PLANILLA-DE-VIATICOS-DE-MAYO.pdf\">Planilla de vi\u00e1ticos<\/a><\/li>\n<li><a href=\"https:\/\/snj.gov.py\/2023\/wp-content\/uploads\/2024\/06\/INFORME-DE-VIAJES-NACIONALES.pdf\">Informe de vi\u00e1ticos nacionales<\/a><\/li>\n<li><a href=\"https:\/\/snj.gov.py\/2023\/wp-content\/uploads\/2024\/06\/INFORME-VIAJE-AL-EXTERIOR.pdf\">Informe de vi\u00e1ticos internacionales<\/a><\/li>\n<li><a href=\"https:\/\/snj.gov.py\/2023\/wp-content\/uploads\/2024\/11\/Beneficiarios-OG841-Becas-Mayo-2024.pdf\">Beneficiarios del OG 841 (BECAS)<\/a><\/li>\n<\/ul>\n<\/li>\n<li><strong>Junio<\/strong>\n<ul>\n<li><a href=\"https:\/\/snj.gov.py\/2023\/wp-content\/uploads\/2024\/07\/NOMINA-DE-FUNCIONARIOS-JUNIO-2024.pdf\">Nomina de funcionarios<\/a><\/li>\n<li><a href=\"https:\/\/snj.gov.py\/2023\/wp-content\/uploads\/2024\/07\/ejecucion-presupuestario-junio2024.pdf\">Ejecuci\u00f3n presupuestaria<\/a><\/li>\n<li><a href=\"https:\/\/snj.gov.py\/2023\/wp-content\/uploads\/2024\/11\/PLANILLA-DE-VIATICO-MES-DE-JUNIO-2024.pdf\">Planilla de vi\u00e1ticos<\/a><\/li>\n<li><a href=\"https:\/\/snj.gov.py\/2023\/wp-content\/uploads\/2024\/07\/INFORME-DE-VIATICOS-AL-INTERIOR-JUNIO.pdf\">Informe de vi\u00e1ticos nacionales<\/a><\/li>\n<li><a href=\"https:\/\/snj.gov.py\/2023\/wp-content\/uploads\/2024\/07\/INFORME-VIATICOS-AL-EXTERIOR-JUNIO.pdf\">Informe de vi\u00e1ticos internacionales<\/a><\/li>\n<\/ul>\n<\/li>\n<li><strong>Julio<\/strong>\n<ul>\n<li><a href=\"https:\/\/snj.gov.py\/2023\/wp-content\/uploads\/2024\/08\/NOMINA-DE-FUNCIONARIO-MES-DE-JULIO.pdf\">Nomina de funcionarios<\/a><\/li>\n<li><a href=\"https:\/\/snj.gov.py\/2023\/wp-content\/uploads\/2024\/08\/EJECUCION-PRESUPUESTARIA-MES-DE-JULIO.pdf\">Ejecuci\u00f3n presupuestaria<\/a><\/li>\n<li><a href=\"https:\/\/snj.gov.py\/2023\/wp-content\/uploads\/2024\/08\/PLANILLA-DE-REGISTRO-MENSUAL-DE-VIATICO-MES-DE-JULIO.pdf\">Planilla de vi\u00e1ticos<\/a><\/li>\n<li><a href=\"https:\/\/snj.gov.py\/2023\/wp-content\/uploads\/2024\/08\/INFORME-DE-VIAJES-MES-DE-JULIO.pdf\">Informe de vi\u00e1ticos nacionales<\/a><\/li>\n<li><a href=\"https:\/\/snj.gov.py\/2023\/wp-content\/uploads\/2024\/11\/BENEFICIARIOS-O.G-841-BECAS-MES-DE-JULIO-ANO-2024.pdf\">Beneficiarios del OG 841 (BECAS)<\/a><\/li>\n<\/ul>\n<\/li>\n<li><strong>Agosto<\/strong>\n<ul>\n<li><a href=\"https:\/\/snj.gov.py\/2023\/wp-content\/uploads\/2024\/09\/NOMINA-DE-FUNCIONARIOS-AGOSTO.pdf\">Nomina de funcionarios<\/a><\/li>\n<li><a href=\"https:\/\/snj.gov.py\/2023\/wp-content\/uploads\/2024\/09\/Ejecucion-presupuestaria-por-Objeto-de-Gasto-AGOSTO.pdf\">Ejecuci\u00f3n presupuestaria<\/a><\/li>\n<li><a href=\"https:\/\/snj.gov.py\/2023\/wp-content\/uploads\/2024\/11\/PLANILLA-DE-VIATICO-MES-DE-AGOSTO-ANO-2024.pdf\">Planilla de vi\u00e1ticos<\/a><\/li>\n<li><a href=\"https:\/\/snj.gov.py\/2023\/wp-content\/uploads\/2024\/09\/INFORME-DE-VIAJES-RELIZADOS-A-NIVEL-NACIONAL-E-INTERNACIONAL.pdf\">Informe de vi\u00e1ticos nacionales<\/a><\/li>\n<\/ul>\n<\/li>\n<li><strong>Septiembre<\/strong>\n<ul>\n<li><a href=\"https:\/\/snj.gov.py\/2023\/wp-content\/uploads\/2024\/10\/NOMINA-DE-FUNCIONARIOS-SETIEMBRE-2024.pdf\">Nomina de funcionarios<\/a><\/li>\n<li><a href=\"https:\/\/snj.gov.py\/2023\/wp-content\/uploads\/2024\/10\/EJECUCION-PRESUPUESTARIA-MES-09-POR-OG.pdf\">Ejecuci\u00f3n presupuestaria<\/a><\/li>\n<li><a href=\"https:\/\/snj.gov.py\/2023\/wp-content\/uploads\/2024\/10\/PLANILLA-DE-REGISTRO-MENSUAL-DE-VIATICO-MES-DE-SEPTIEMBRE.pdf\">Planilla de vi\u00e1ticos<\/a><\/li>\n<li><a href=\"https:\/\/snj.gov.py\/2023\/wp-content\/uploads\/2024\/10\/INFORME-DE-VIAJES-MES-DE-SEPTIEMBRE.pdf\">Informe de vi\u00e1ticos nacionales<\/a><\/li>\n<\/ul>\n<\/li>\n<li><strong>Octubre<\/strong>\n<ul>\n<li><a href=\"https:\/\/snj.gov.py\/2023\/wp-content\/uploads\/2024\/11\/NOMINA-DE-FUNCIONARIOS-mes-10.pdf\">Nomina de funcionarios<\/a><\/li>\n<li><a href=\"https:\/\/snj.gov.py\/2023\/wp-content\/uploads\/2024\/11\/EJECUCION-PRESUPUESTARIA-POR-OG-MES-10.pdf\">Ejecuci\u00f3n presupuestaria<\/a><\/li>\n<li><a href=\"https:\/\/snj.gov.py\/2023\/wp-content\/uploads\/2024\/11\/PLANILLA-DE-REGISTRO-MENSUAL-DE-VIATICO.pdf\">Planilla de vi\u00e1ticos<\/a><\/li>\n<li><a href=\"https:\/\/snj.gov.py\/2023\/wp-content\/uploads\/2024\/11\/Informes-de-viajes-realizados.pdf\">Informe de vi\u00e1ticos<\/a><\/li>\n<li><a href=\"https:\/\/snj.gov.py\/2023\/wp-content\/uploads\/2024\/11\/LISTA-DE-BENEFICIARIOS-841.pdf\">Beneficiarios del OG 841 (BECAS)<\/a><\/li>\n<\/ul>\n<\/li>\n<li><strong>Noviembre<\/strong>\n<ul>\n<li><a href=\"https:\/\/snj.gov.py\/2023\/wp-content\/uploads\/2024\/12\/e-NOMINA-DE-FUNCIONARIOS-NOVIEMBRE.pdf\">Nomina de funcionarios<\/a><\/li>\n<li><a href=\"https:\/\/snj.gov.py\/2023\/wp-content\/uploads\/2024\/12\/Listado-de-ejecucion-Presupuestaria-por-OG-MES-11.pdf\">Ejecuci\u00f3n presupuestaria<\/a><\/li>\n<li><a href=\"https:\/\/snj.gov.py\/2023\/wp-content\/uploads\/2024\/12\/PLANILLA-DE-VIATICO-MES-NOVIEMBRE.pdf\">Planilla de vi\u00e1ticos<\/a><\/li>\n<li><a href=\"https:\/\/drive.google.com\/file\/d\/1o0iNiPQhuO-phnGdjSZBWsJlwG7fMxsR\/view?usp=sharing\">Informe de vi\u00e1ticos<\/a><\/li>\n<li><a href=\"https:\/\/snj.gov.py\/2023\/wp-content\/uploads\/2024\/12\/Planilla-del-RUBRO-800-MES-DE-NOVIEMBRE-849.pdf\">Reporte nivel 800<\/a><\/li>\n<\/ul>\n<\/li>\n<li>Diciembre\n<ul>\n<li><a href=\"https:\/\/snj.gov.py\/2023\/wp-content\/uploads\/2025\/01\/NOMINA-DE-FUNCIONARIOS-DICIEMBRE.pdf\">Nomina de funcionarios<\/a><\/li>\n<li><a href=\"https:\/\/snj.gov.py\/2023\/wp-content\/uploads\/2025\/01\/EJECUCION-PRESUPUESTARIA-POR-OG-mes-12.pdf\">Ejecuci\u00f3n presupuestaria<\/a><\/li>\n<li><a href=\"https:\/\/snj.gov.py\/2023\/wp-content\/uploads\/2025\/01\/PLANILLA-DE-VIATICO-MES-diciembre.pdf\">Planilla de vi\u00e1ticos<\/a><\/li>\n<li><a href=\"https:\/\/snj.gov.py\/2023\/wp-content\/uploads\/2025\/01\/INFORME-DE-VIAJES-REALIZADOS.pdf\">Informe de vi\u00e1ticos<\/a><\/li>\n<\/ul>\n<\/li>\n<\/ul>\n","protected":false},"excerpt":{"rendered":"<p>Presupuesto de ingresos Anexo de Personal\u00a0 SNJ Informe de inventario F.C.3 Resumen total de los ingresos por funcionarios Enero Nomina de funcionarios Ejecuci\u00f3n presupuestaria Planilla de vi\u00e1ticos Febrero Nomina de funcionarios. Ejecuci\u00f3n presupuestaria Planilla de vi\u00e1ticos Informe de vi\u00e1ticos Marzo Nomina de funcionarios Ejecuci\u00f3n presupuestaria Planilla de vi\u00e1ticos Informe de vi\u00e1ticos internacionales Informe de vi\u00e1ticos [&hellip;]<\/p>\n","protected":false},"author":1,"featured_media":0,"parent":0,"menu_order":0,"comment_status":"closed","ping_status":"closed","template":"","meta":{"footnotes":""},"class_list":["post-2512","page","type-page","status-publish","hentry"],"_links":{"self":[{"href":"https:\/\/snj.gov.py\/2023\/wp-json\/wp\/v2\/pages\/2512","targetHints":{"allow":["GET"]}}],"collection":[{"href":"https:\/\/snj.gov.py\/2023\/wp-json\/wp\/v2\/pages"}],"about":[{"href":"https:\/\/snj.gov.py\/2023\/wp-json\/wp\/v2\/types\/page"}],"author":[{"embeddable":true,"href":"https:\/\/snj.gov.py\/2023\/wp-json\/wp\/v2\/users\/1"}],"replies":[{"embeddable":true,"href":"https:\/\/snj.gov.py\/2023\/wp-json\/wp\/v2\/comments?post=2512"}],"version-history":[{"count":43,"href":"https:\/\/snj.gov.py\/2023\/wp-json\/wp\/v2\/pages\/2512\/revisions"}],"predecessor-version":[{"id":3263,"href":"https:\/\/snj.gov.py\/2023\/wp-json\/wp\/v2\/pages\/2512\/revisions\/3263"}],"wp:attachment":[{"href":"https:\/\/snj.gov.py\/2023\/wp-json\/wp\/v2\/media?parent=2512"}],"curies":[{"name":"wp","href":"https:\/\/api.w.org\/{rel}","templated":true}]}}