{"id":2211,"date":"2024-04-09T12:53:00","date_gmt":"2024-04-09T16:53:00","guid":{"rendered":"https:\/\/snj.gov.py\/2023\/?page_id=2211"},"modified":"2026-03-31T13:57:03","modified_gmt":"2026-03-31T16:57:03","slug":"rendicion-cuentas","status":"publish","type":"page","link":"https:\/\/snj.gov.py\/2023\/rendicion-cuentas\/","title":{"rendered":"Rendici\u00f3n de cuentas"},"content":{"rendered":"<ul>\n<li><a href=\"https:\/\/snj.gov.py\/2023\/wp-content\/uploads\/2024\/04\/RESOLUCION-N\u00b0-18-ANO-2020-IMPLEMENTACION-DE-CRCC-E-INTEGRANTES-VIGENTE.pdf\">Resoluci\u00f3n Nro. 18\/2020 &#8211; Implementaci\u00f3n de Comit\u00e9 de Rendici\u00f3n de Cuentas al Ciudadano e Integrantes &#8211; Vigente.<\/a><\/li>\n<\/ul>\n<p>&nbsp;<\/p>\n<ul>\n<li><a href=\"https:\/\/snj.gov.py\/2023\/rendicion-de-cuentas-2026\/\">A\u00f1o 2026<\/a><\/li>\n<\/ul>\n<p>&nbsp;<\/p>\n<ul>\n<li><a href=\"https:\/\/snj.gov.py\/2023\/rendicion-de-cuentas-2025\/\">A\u00f1o 2025<\/a><\/li>\n<\/ul>\n<p>&nbsp;<\/p>\n<ul>\n<li><a href=\"https:\/\/snj.gov.py\/2023\/rendicion-de-cuentas-2024\/\">A\u00f1o 2024<\/a><\/li>\n<\/ul>\n","protected":false},"excerpt":{"rendered":"<p>Resoluci\u00f3n Nro. 18\/2020 &#8211; Implementaci\u00f3n de Comit\u00e9 de Rendici\u00f3n de Cuentas al Ciudadano e Integrantes &#8211; Vigente. &nbsp; A\u00f1o 2026 &nbsp; A\u00f1o 2025 &nbsp; A\u00f1o 2024<\/p>\n","protected":false},"author":1,"featured_media":0,"parent":0,"menu_order":0,"comment_status":"closed","ping_status":"closed","template":"","meta":{"footnotes":""},"class_list":["post-2211","page","type-page","status-publish","hentry"],"_links":{"self":[{"href":"https:\/\/snj.gov.py\/2023\/wp-json\/wp\/v2\/pages\/2211","targetHints":{"allow":["GET"]}}],"collection":[{"href":"https:\/\/snj.gov.py\/2023\/wp-json\/wp\/v2\/pages"}],"about":[{"href":"https:\/\/snj.gov.py\/2023\/wp-json\/wp\/v2\/types\/page"}],"author":[{"embeddable":true,"href":"https:\/\/snj.gov.py\/2023\/wp-json\/wp\/v2\/users\/1"}],"replies":[{"embeddable":true,"href":"https:\/\/snj.gov.py\/2023\/wp-json\/wp\/v2\/comments?post=2211"}],"version-history":[{"count":18,"href":"https:\/\/snj.gov.py\/2023\/wp-json\/wp\/v2\/pages\/2211\/revisions"}],"predecessor-version":[{"id":4470,"href":"https:\/\/snj.gov.py\/2023\/wp-json\/wp\/v2\/pages\/2211\/revisions\/4470"}],"wp:attachment":[{"href":"https:\/\/snj.gov.py\/2023\/wp-json\/wp\/v2\/media?parent=2211"}],"curies":[{"name":"wp","href":"https:\/\/api.w.org\/{rel}","templated":true}]}}