{"id":1715,"date":"2023-09-12T16:42:09","date_gmt":"2023-09-12T20:42:09","guid":{"rendered":"https:\/\/snj.gov.py\/2023\/?page_id=1715"},"modified":"2024-04-17T14:03:07","modified_gmt":"2024-04-17T18:03:07","slug":"becas-postulaciones","status":"publish","type":"page","link":"https:\/\/snj.gov.py\/2023\/becas-postulaciones\/","title":{"rendered":"Postulaciones a becas"},"content":{"rendered":"<h1>Convocatoria abierta:<\/h1>\n<ul>\n<li>Actualmente no se tiene convocatorias abiertas<\/li>\n<\/ul>\n<h1>Convocatoria cerrada:<\/h1>\n<ul>\n<li>Renovaci\u00f3n de becas 2024 primer semestre. (En proceso de evaluaci\u00f3n)<\/li>\n<li>Renovaci\u00f3n de becas 2023<\/li>\n<li>Becas para j\u00f3venes destacados. <a href=\"https:\/\/snj.gov.py\/2023\/wp-content\/uploads\/2023\/10\/adjudicados-destacados.pdf\">Ver listado de adjudicados<\/a><\/li>\n<li>Becas Digitales OIJ (En proceso de verificaci\u00f3n).<\/li>\n<\/ul>\n","protected":false},"excerpt":{"rendered":"<p>Convocatoria abierta: Actualmente no se tiene convocatorias abiertas Convocatoria cerrada: Renovaci\u00f3n de becas 2024 primer semestre. (En proceso de evaluaci\u00f3n) Renovaci\u00f3n de becas 2023 Becas para j\u00f3venes destacados. Ver listado de adjudicados Becas Digitales OIJ (En proceso de verificaci\u00f3n).<\/p>\n","protected":false},"author":1,"featured_media":0,"parent":0,"menu_order":0,"comment_status":"closed","ping_status":"closed","template":"","meta":{"footnotes":""},"class_list":["post-1715","page","type-page","status-publish","hentry"],"_links":{"self":[{"href":"https:\/\/snj.gov.py\/2023\/wp-json\/wp\/v2\/pages\/1715","targetHints":{"allow":["GET"]}}],"collection":[{"href":"https:\/\/snj.gov.py\/2023\/wp-json\/wp\/v2\/pages"}],"about":[{"href":"https:\/\/snj.gov.py\/2023\/wp-json\/wp\/v2\/types\/page"}],"author":[{"embeddable":true,"href":"https:\/\/snj.gov.py\/2023\/wp-json\/wp\/v2\/users\/1"}],"replies":[{"embeddable":true,"href":"https:\/\/snj.gov.py\/2023\/wp-json\/wp\/v2\/comments?post=1715"}],"version-history":[{"count":22,"href":"https:\/\/snj.gov.py\/2023\/wp-json\/wp\/v2\/pages\/1715\/revisions"}],"predecessor-version":[{"id":2458,"href":"https:\/\/snj.gov.py\/2023\/wp-json\/wp\/v2\/pages\/1715\/revisions\/2458"}],"wp:attachment":[{"href":"https:\/\/snj.gov.py\/2023\/wp-json\/wp\/v2\/media?parent=1715"}],"curies":[{"name":"wp","href":"https:\/\/api.w.org\/{rel}","templated":true}]}}