{"id":1622,"date":"2023-08-24T15:23:17","date_gmt":"2023-08-24T19:23:17","guid":{"rendered":"https:\/\/snj.gov.py\/2023\/?page_id=1622"},"modified":"2026-05-06T15:41:34","modified_gmt":"2026-05-06T18:41:34","slug":"mecip","status":"publish","type":"page","link":"https:\/\/snj.gov.py\/2023\/mecip\/","title":{"rendered":"MECIP"},"content":{"rendered":"<p><img decoding=\"async\" class=\"size-medium wp-image-1623 aligncenter\" src=\"https:\/\/snj.gov.py\/2023\/wp-content\/uploads\/2023\/08\/LOGO_MECIP-300x92.png\" alt=\"\" width=\"300\" height=\"92\" srcset=\"https:\/\/snj.gov.py\/2023\/wp-content\/uploads\/2023\/08\/LOGO_MECIP-300x92.png 300w, https:\/\/snj.gov.py\/2023\/wp-content\/uploads\/2023\/08\/LOGO_MECIP-768x236.png 768w, https:\/\/snj.gov.py\/2023\/wp-content\/uploads\/2023\/08\/LOGO_MECIP-1536x471.png 1536w, https:\/\/snj.gov.py\/2023\/wp-content\/uploads\/2023\/08\/LOGO_MECIP.png 1815w\" sizes=\"(max-width: 300px) 100vw, 300px\" \/><\/p>\n<h3>EL SISTEMA DE CONTROL INTERNO<\/h3>\n<p>El Control Interno es un conjunto de normas, principios, acciones y procesos efectuados por las autoridades, la administraci\u00f3n y los funcionarios de una entidad, a fin de asegurar razonablemente que los objetivos de la instituci\u00f3n ser\u00e1n alcanzados.<br \/>\nLa Secretar\u00eda Nacional de la Juventud (SNJ) mediante la Resoluci\u00f3n SNJ N\u00ba 397\/18, adopta el modelo est\u00e1ndar de control interno para instituciones p\u00fablicas del Paraguay (MECIP), como herramienta para el logro de objetivos institucionales.<\/p>\n<h3>LA NORMA DE REQUISITOS M\u00cdNIMOS<\/h3>\n<p>Actualmente nos encontramos en pleno proceso de implementaci\u00f3n de la Norma de Requisitos M\u00ednimos, que es un documento que define los requerimientos m\u00ednimos que deber\u00e1n estar desarrollados e implementados para asegurar un efectivo control interno institucional, y que ser\u00e1n objeto de evaluaci\u00f3n y auditor\u00eda<br \/>\nLa Norma de Requisitos M\u00ednimos para un Sistema de Control Interno, contin\u00faa sustent\u00e1ndose en los tres fundamentos esenciales en los que se ha venido soportando el Control Interno, a saber: Autocontrol, Autogesti\u00f3n y Autorregulaci\u00f3n, pilares que siguen siendo la base para un control efectivo en la administraci\u00f3n p\u00fablica.<\/p>\n<h3>EL MODELO<\/h3>\n<p>El modelo del Sistema de Control Interno basado en procesos y riesgos que se muestra en la figura a continuaci\u00f3n, ilustra la forma en que puede aplicarse a todos los componentes la metodolog\u00eda conocida como \u201cPlanificar-Hacer-Verificar-Actuar\u201d (PHVA).<\/p>\n<p><img fetchpriority=\"high\" decoding=\"async\" class=\"wp-image-1625 aligncenter\" src=\"https:\/\/snj.gov.py\/2023\/wp-content\/uploads\/2023\/08\/rsz_1circulo_mecip-300x215.png\" alt=\"\" width=\"814\" height=\"583\" srcset=\"https:\/\/snj.gov.py\/2023\/wp-content\/uploads\/2023\/08\/rsz_1circulo_mecip-300x215.png 300w, https:\/\/snj.gov.py\/2023\/wp-content\/uploads\/2023\/08\/rsz_1circulo_mecip-768x549.png 768w, https:\/\/snj.gov.py\/2023\/wp-content\/uploads\/2023\/08\/rsz_1circulo_mecip-1536x1099.png 1536w, https:\/\/snj.gov.py\/2023\/wp-content\/uploads\/2023\/08\/rsz_1circulo_mecip.png 1931w\" sizes=\"(max-width: 814px) 100vw, 814px\" \/><\/p>\n<h3>El Ciclo PHVA puede describirse brevemente como:<\/h3>\n<p><strong>\u2022 Planificar:<\/strong> establecer los objetivos y procesos necesarios para conseguir resultados de acuerdo con las pol\u00edticas de la organizaci\u00f3n y los requisitos establecidos, incluyendo los legales y reglamentarios, e identificar los riesgos asociados para determinar los controles operacionales correspondientes.<br \/>\n<strong>\u2022 Hacer:<\/strong> implementar los procesos y controles definidos.<br \/>\n<strong>\u2022 Verificar:<\/strong> realizar el seguimiento y la medici\u00f3n de la efectividad de los controles respecto a las pol\u00edticas, los objetivos y los requisitos establecidos, e informar sobre los resultados.<br \/>\n<strong>\u2022 Actuar:<\/strong> tomar acciones para mejorar continuamente el desempe\u00f1o de los controles.<\/p>\n<h3>ESTRUCTURA \u2013 \u00bfC\u00d3MO LEER ESTA NORMA?<\/h3>\n<p>Como se menciona anteriormente, esta norma se estructura en cinco Componentes, cada uno de ellos desplegado en una serie de Principios (requisitos) que, en algunos casos, vuelven a dividirse en Elementos que favorecen su entendimiento.<\/p>\n<p><img decoding=\"async\" class=\"wp-image-1626 aligncenter\" src=\"https:\/\/snj.gov.py\/2023\/wp-content\/uploads\/2023\/08\/image-1-300x106.png\" alt=\"\" width=\"1019\" height=\"360\" srcset=\"https:\/\/snj.gov.py\/2023\/wp-content\/uploads\/2023\/08\/image-1-300x106.png 300w, https:\/\/snj.gov.py\/2023\/wp-content\/uploads\/2023\/08\/image-1.png 570w\" sizes=\"(max-width: 1019px) 100vw, 1019px\" \/><\/p>\n<div class=\"panel panel-default\">\n<div id=\"headingOne\" class=\"panel-heading\" role=\"tab\"><\/div>\n<\/div>\n<div class=\"panel panel-default\">\n<div id=\"headingFive\" class=\"panel-heading\" role=\"tab\">\n<table style=\"height: 213px;\" border=\"0\" width=\"303\">\n<tbody>\n<tr>\n<td bgcolor=\"#008000\"><a href=\"https:\/\/snj.gov.py\/2023\/ambiente-de-control\/\">Ambiente de Control<\/a><\/td>\n<\/tr>\n<tr>\n<td bgcolor=\"#FF3300\"><a href=\"https:\/\/snj.gov.py\/2023\/control-de-la-planificacion\/\">Control de la Planificaci\u00f3n<\/a><\/td>\n<\/tr>\n<tr>\n<td bgcolor=\"#FF6600\"><a href=\"https:\/\/snj.gov.py\/2023\/control-de-la-implementacion\/\">Control de la Implementaci\u00f3n<\/a><\/td>\n<\/tr>\n<tr>\n<td bgcolor=\"#0033FF\"><a href=\"https:\/\/snj.gov.py\/2023\/control-de-evaluacion\/\">Control de la Evaluaci\u00f3n<\/a><\/td>\n<\/tr>\n<tr>\n<td bgcolor=\"#660033\"><a href=\"https:\/\/snj.gov.py\/2023\/control-para-la-mejora\/\"><span class=\"Estilo1\" style=\"color: #ffffff;\">Control para la Mejora<\/span><\/a><\/td>\n<\/tr>\n<\/tbody>\n<\/table>\n<\/div>\n<\/div>\n","protected":false},"excerpt":{"rendered":"<p>EL SISTEMA DE CONTROL INTERNO El Control Interno es un conjunto de normas, principios, acciones y procesos efectuados por las autoridades, la administraci\u00f3n y los funcionarios de una entidad, a fin de asegurar razonablemente que los objetivos de la instituci\u00f3n ser\u00e1n alcanzados. La Secretar\u00eda Nacional de la Juventud (SNJ) mediante la Resoluci\u00f3n SNJ N\u00ba 397\/18, [&hellip;]<\/p>\n","protected":false},"author":1,"featured_media":0,"parent":0,"menu_order":0,"comment_status":"closed","ping_status":"closed","template":"","meta":{"footnotes":""},"class_list":["post-1622","page","type-page","status-publish","hentry"],"_links":{"self":[{"href":"https:\/\/snj.gov.py\/2023\/wp-json\/wp\/v2\/pages\/1622","targetHints":{"allow":["GET"]}}],"collection":[{"href":"https:\/\/snj.gov.py\/2023\/wp-json\/wp\/v2\/pages"}],"about":[{"href":"https:\/\/snj.gov.py\/2023\/wp-json\/wp\/v2\/types\/page"}],"author":[{"embeddable":true,"href":"https:\/\/snj.gov.py\/2023\/wp-json\/wp\/v2\/users\/1"}],"replies":[{"embeddable":true,"href":"https:\/\/snj.gov.py\/2023\/wp-json\/wp\/v2\/comments?post=1622"}],"version-history":[{"count":12,"href":"https:\/\/snj.gov.py\/2023\/wp-json\/wp\/v2\/pages\/1622\/revisions"}],"predecessor-version":[{"id":4568,"href":"https:\/\/snj.gov.py\/2023\/wp-json\/wp\/v2\/pages\/1622\/revisions\/4568"}],"wp:attachment":[{"href":"https:\/\/snj.gov.py\/2023\/wp-json\/wp\/v2\/media?parent=1622"}],"curies":[{"name":"wp","href":"https:\/\/api.w.org\/{rel}","templated":true}]}}