{"id":1612,"date":"2023-08-23T16:45:05","date_gmt":"2023-08-23T20:45:05","guid":{"rendered":"https:\/\/snj.gov.py\/2023\/?page_id=1612"},"modified":"2026-02-10T11:03:51","modified_gmt":"2026-02-10T14:03:51","slug":"transparencia","status":"publish","type":"page","link":"https:\/\/snj.gov.py\/2023\/transparencia\/","title":{"rendered":"Transparencia"},"content":{"rendered":"<ul>\n<li><a href=\"https:\/\/snj.gov.py\/2023\/wp-content\/uploads\/2025\/01\/organigrama-2025-scaled.jpg\">Estructura Organizacional<\/a><\/li>\n<\/ul>\n<p>&nbsp;<\/p>\n<ul>\n<li><a href=\"https:\/\/snj.gov.py\/2023\/wp-content\/uploads\/2023\/09\/MANUAL-DE-FUNCIONES-SNJ.pdf\">Manual de funciones SNJ<\/a><\/li>\n<\/ul>\n<p>&nbsp;<\/p>\n<ul>\n<li><a href=\"https:\/\/snj.gov.py\/2023\/wp-content\/uploads\/2024\/05\/lista-de-internos.pdf\">Listado telef\u00f3nico.<\/a><\/li>\n<\/ul>\n<p>&nbsp;<\/p>\n<ul>\n<li><a href=\"https:\/\/snj.gov.py\/2023\/transparencia-ano-2026\">A\u00f1o 2026<\/a><\/li>\n<\/ul>\n<p>&nbsp;<\/p>\n<ul>\n<li><a href=\"https:\/\/snj.gov.py\/2023\/transparencia-ano-2025\">A\u00f1o 2025<\/a><\/li>\n<\/ul>\n<p>&nbsp;<\/p>\n<ul>\n<li><a href=\"https:\/\/snj.gov.py\/2023\/transparencia-ano-2024\">A\u00f1o 2024<\/a><\/li>\n<\/ul>\n<p>&nbsp;<\/p>\n<ul>\n<li><a href=\"https:\/\/snj.gov.py\/2023\/transparencia-ano-2023\/\">A\u00f1o 2023<\/a><\/li>\n<\/ul>\n<p>Listado de correos electr\u00f3nicos, ver en nomina de funcionarios.<\/p>\n","protected":false},"excerpt":{"rendered":"<p>Estructura Organizacional &nbsp; Manual de funciones SNJ &nbsp; Listado telef\u00f3nico. &nbsp; A\u00f1o 2026 &nbsp; A\u00f1o 2025 &nbsp; A\u00f1o 2024 &nbsp; A\u00f1o 2023 Listado de correos electr\u00f3nicos, ver en nomina de funcionarios.<\/p>\n","protected":false},"author":1,"featured_media":0,"parent":0,"menu_order":0,"comment_status":"closed","ping_status":"closed","template":"","meta":{"footnotes":""},"class_list":["post-1612","page","type-page","status-publish","hentry"],"_links":{"self":[{"href":"https:\/\/snj.gov.py\/2023\/wp-json\/wp\/v2\/pages\/1612","targetHints":{"allow":["GET"]}}],"collection":[{"href":"https:\/\/snj.gov.py\/2023\/wp-json\/wp\/v2\/pages"}],"about":[{"href":"https:\/\/snj.gov.py\/2023\/wp-json\/wp\/v2\/types\/page"}],"author":[{"embeddable":true,"href":"https:\/\/snj.gov.py\/2023\/wp-json\/wp\/v2\/users\/1"}],"replies":[{"embeddable":true,"href":"https:\/\/snj.gov.py\/2023\/wp-json\/wp\/v2\/comments?post=1612"}],"version-history":[{"count":38,"href":"https:\/\/snj.gov.py\/2023\/wp-json\/wp\/v2\/pages\/1612\/revisions"}],"predecessor-version":[{"id":4361,"href":"https:\/\/snj.gov.py\/2023\/wp-json\/wp\/v2\/pages\/1612\/revisions\/4361"}],"wp:attachment":[{"href":"https:\/\/snj.gov.py\/2023\/wp-json\/wp\/v2\/media?parent=1612"}],"curies":[{"name":"wp","href":"https:\/\/api.w.org\/{rel}","templated":true}]}}